{"id":12,"date":"2025-11-07T10:39:03","date_gmt":"2025-11-07T10:39:03","guid":{"rendered":"https:\/\/queridalla84.rkinformatika.online\/?page_id=12"},"modified":"2026-02-22T09:42:04","modified_gmt":"2026-02-22T09:42:04","slug":"inicio","status":"publish","type":"page","link":"https:\/\/queridalla84.com\/en\/","title":{"rendered":"Start"},"content":{"rendered":"<div data-elementor-type=\"wp-page\" data-elementor-id=\"12\" class=\"elementor elementor-12\" data-elementor-post-type=\"page\">\n\t\t\t\t\t\t<section class=\"elementor-section elementor-top-section elementor-element elementor-element-7fd00ff elementor-section-height-min-height elementor-section-boxed elementor-section-height-default elementor-section-items-middle\" data-id=\"7fd00ff\" data-element_type=\"section\" data-e-type=\"section\" data-settings=\"{&quot;background_background&quot;:&quot;classic&quot;}\">\n\t\t\t\t\t\t\t<div class=\"elementor-background-overlay\"><\/div>\n\t\t\t\t\t\t\t<div class=\"elementor-container elementor-column-gap-no\">\n\t\t\t\t\t<div class=\"elementor-column elementor-col-100 elementor-top-column elementor-element elementor-element-3d6c47f\" data-id=\"3d6c47f\" data-element_type=\"column\" data-e-type=\"column\">\n\t\t\t<div class=\"elementor-widget-wrap elementor-element-populated\">\n\t\t\t\t\t\t<div class=\"elementor-element elementor-element-17dc62a elementor-invisible elementor-widget elementor-widget-heading\" data-id=\"17dc62a\" data-element_type=\"widget\" data-e-type=\"widget\" data-settings=\"{&quot;_animation&quot;:&quot;zoomIn&quot;}\" data-widget_type=\"heading.default\">\n\t\t\t\t\t<h2 class=\"elementor-heading-title elementor-size-default\">feel unique<\/h2>\t\t\t\t<\/div>\n\t\t\t\t\t<\/div>\n\t\t<\/div>\n\t\t\t\t\t<\/div>\n\t\t<\/section>\n\t\t\t\t<section class=\"elementor-section elementor-top-section elementor-element elementor-element-dbcf90c elementor-section-content-middle elementor-section-boxed elementor-section-height-default elementor-section-height-default\" data-id=\"dbcf90c\" data-element_type=\"section\" data-e-type=\"section\" data-settings=\"{&quot;background_background&quot;:&quot;classic&quot;}\">\n\t\t\t\t\t\t<div class=\"elementor-container elementor-column-gap-no\">\n\t\t\t\t\t<div class=\"elementor-column elementor-col-50 elementor-top-column elementor-element elementor-element-46412cf elementor-invisible\" data-id=\"46412cf\" data-element_type=\"column\" data-e-type=\"column\" data-settings=\"{&quot;animation&quot;:&quot;fadeInLeft&quot;,&quot;animation_delay&quot;:300}\">\n\t\t\t<div class=\"elementor-widget-wrap elementor-element-populated\">\n\t\t\t\t\t\t<div class=\"elementor-element elementor-element-13a9e7d elementor-invisible elementor-widget elementor-widget-image\" data-id=\"13a9e7d\" data-element_type=\"widget\" data-e-type=\"widget\" data-settings=\"{&quot;_animation&quot;:&quot;slideInUp&quot;}\" data-widget_type=\"image.default\">\n\t\t\t\t\t\t\t\t\t\t\t\t\t\t\t<img decoding=\"async\" src=\"https:\/\/queridalla84.com\/wp-content\/uploads\/elementor\/thumbs\/Diseno-sin-titulo-rehz7hyrch1stsq86p3wgya364677yqzjesa3mmg6o.png\" title=\"Dise\u00f1o sin t\u00edtulo\" alt=\"Dise\u00f1o sin t\u00edtulo\" loading=\"lazy\" \/>\t\t\t\t\t\t\t\t\t\t\t\t\t\t\t<\/div>\n\t\t\t\t\t<\/div>\n\t\t<\/div>\n\t\t\t\t<div class=\"elementor-column elementor-col-50 elementor-top-column elementor-element elementor-element-935fcd8\" data-id=\"935fcd8\" data-element_type=\"column\" data-e-type=\"column\">\n\t\t\t<div class=\"elementor-widget-wrap elementor-element-populated\">\n\t\t\t\t\t\t<section class=\"elementor-section elementor-inner-section elementor-element elementor-element-b039486 elementor-section-boxed elementor-section-height-default elementor-section-height-default\" data-id=\"b039486\" data-element_type=\"section\" data-e-type=\"section\" data-settings=\"{&quot;background_background&quot;:&quot;classic&quot;}\">\n\t\t\t\t\t\t\t<div class=\"elementor-background-overlay\"><\/div>\n\t\t\t\t\t\t\t<div class=\"elementor-container elementor-column-gap-no\">\n\t\t\t\t\t<div class=\"elementor-column elementor-col-100 elementor-inner-column elementor-element elementor-element-f147afa elementor-invisible\" data-id=\"f147afa\" data-element_type=\"column\" data-e-type=\"column\" data-settings=\"{&quot;background_background&quot;:&quot;classic&quot;,&quot;animation&quot;:&quot;fadeInRight&quot;}\">\n\t\t\t<div class=\"elementor-widget-wrap elementor-element-populated\">\n\t\t\t\t\t\t<div class=\"elementor-element elementor-element-1ae0bab elementor-widget__width-initial elementor-widget elementor-widget-heading\" data-id=\"1ae0bab\" data-element_type=\"widget\" data-e-type=\"widget\" data-widget_type=\"heading.default\">\n\t\t\t\t\t<h2 class=\"elementor-heading-title elementor-size-default\">my career<\/h2>\t\t\t\t<\/div>\n\t\t\t\t<div class=\"elementor-element elementor-element-4f4949d elementor-widget__width-initial elementor-widget elementor-widget-text-editor\" data-id=\"4f4949d\" data-element_type=\"widget\" data-e-type=\"widget\" data-widget_type=\"text-editor.default\">\n\t\t\t\t\t\t\t\t\t<div class=\"flex-shrink-0 flex flex-col relative items-end\">\n<div class=\"pt-0\">\n<div class=\"gizmo-bot-avatar flex h-8 w-8 items-center justify-center overflow-hidden rounded-full\">\n<p>Con m\u00e1s de quince a\u00f1os de experiencia en el sector, he tenido la oportunidad de atender a una diversa clientela, adaptando cada tratamiento a las necesidades espec\u00edficas de cada individuo. Durante este tiempo, me he comprometido a mantenerme actualizada con las \u00faltimas tendencias y avances en belleza para ofrecer un servicio profesional y efectivo. La confianza y el bienestar de quienes me eligen son mi mayor motivaci\u00f3n para seguir creciendo y perfeccionando mi trabajo d\u00eda a d\u00eda.<\/p>\n<\/div>\n<\/div>\n<\/div>\t\t\t\t\t\t\t\t<\/div>\n\t\t\t\t<div class=\"elementor-element elementor-element-c6c48ff elementor-align-center elementor-widget elementor-widget-button\" data-id=\"c6c48ff\" data-element_type=\"widget\" data-e-type=\"widget\" data-widget_type=\"button.default\">\n\t\t\t\t\t\t\t\t\t\t<a class=\"elementor-button elementor-button-link elementor-size-sm elementor-animation-float\" href=\"https:\/\/queridalla84.com\/en\/servicios\/\">\n\t\t\t\t\t\t<span class=\"elementor-button-content-wrapper\">\n\t\t\t\t\t\t\t\t\t<span class=\"elementor-button-text\">Know More<\/span>\n\t\t\t\t\t<\/span>\n\t\t\t\t\t<\/a>\n\t\t\t\t\t\t\t\t<\/div>\n\t\t\t\t\t<\/div>\n\t\t<\/div>\n\t\t\t\t\t<\/div>\n\t\t<\/section>\n\t\t\t\t\t<\/div>\n\t\t<\/div>\n\t\t\t\t\t<\/div>\n\t\t<\/section>\n\t\t<div class=\"elementor-element elementor-element-3eec448 e-grid e-con-boxed elementor-invisible e-con e-parent\" data-id=\"3eec448\" data-element_type=\"container\" data-e-type=\"container\" data-settings=\"{&quot;animation&quot;:&quot;fadeInRight&quot;}\">\n\t\t\t\t\t<div class=\"e-con-inner\">\n\t\t\t\t<div class=\"elementor-element elementor-element-76204e7 elementor-invisible elementor-widget elementor-widget-image\" data-id=\"76204e7\" data-element_type=\"widget\" data-e-type=\"widget\" data-settings=\"{&quot;_animation&quot;:&quot;fadeInUp&quot;}\" data-widget_type=\"image.default\">\n\t\t\t\t\t\t\t\t\t\t\t\t\t\t\t<img fetchpriority=\"high\" decoding=\"async\" width=\"840\" height=\"817\" src=\"https:\/\/queridalla84.com\/wp-content\/uploads\/2025\/11\/1.png\" class=\"attachment-full size-full wp-image-79\" alt=\"\" srcset=\"https:\/\/queridalla84.com\/wp-content\/uploads\/2025\/11\/1.png 840w, https:\/\/queridalla84.com\/wp-content\/uploads\/2025\/11\/1-300x292.png 300w, https:\/\/queridalla84.com\/wp-content\/uploads\/2025\/11\/1-768x747.png 768w, https:\/\/queridalla84.com\/wp-content\/uploads\/2025\/11\/1-12x12.png 12w\" sizes=\"(max-width: 840px) 100vw, 840px\" \/>\t\t\t\t\t\t\t\t\t\t\t\t\t\t\t<\/div>\n\t\t\t\t<div class=\"elementor-element elementor-element-b88dd1e elementor-invisible elementor-widget elementor-widget-image\" data-id=\"b88dd1e\" data-element_type=\"widget\" data-e-type=\"widget\" data-settings=\"{&quot;_animation&quot;:&quot;fadeInDown&quot;}\" data-widget_type=\"image.default\">\n\t\t\t\t\t\t\t\t\t\t\t\t\t\t\t<img decoding=\"async\" width=\"800\" height=\"778\" src=\"https:\/\/queridalla84.com\/wp-content\/uploads\/2025\/11\/2.png\" class=\"attachment-large size-large wp-image-80\" alt=\"\" srcset=\"https:\/\/queridalla84.com\/wp-content\/uploads\/2025\/11\/2.png 840w, https:\/\/queridalla84.com\/wp-content\/uploads\/2025\/11\/2-300x292.png 300w, https:\/\/queridalla84.com\/wp-content\/uploads\/2025\/11\/2-768x747.png 768w, https:\/\/queridalla84.com\/wp-content\/uploads\/2025\/11\/2-12x12.png 12w\" sizes=\"(max-width: 800px) 100vw, 800px\" \/>\t\t\t\t\t\t\t\t\t\t\t\t\t\t\t<\/div>\n\t\t\t\t<div class=\"elementor-element elementor-element-c620741 elementor-invisible elementor-widget elementor-widget-image\" data-id=\"c620741\" data-element_type=\"widget\" data-e-type=\"widget\" data-settings=\"{&quot;_animation&quot;:&quot;fadeInUp&quot;}\" data-widget_type=\"image.default\">\n\t\t\t\t\t\t\t\t\t\t\t\t\t\t\t<img decoding=\"async\" width=\"800\" height=\"778\" src=\"https:\/\/queridalla84.com\/wp-content\/uploads\/2025\/11\/3.png\" class=\"attachment-large size-large wp-image-81\" alt=\"\" srcset=\"https:\/\/queridalla84.com\/wp-content\/uploads\/2025\/11\/3.png 840w, https:\/\/queridalla84.com\/wp-content\/uploads\/2025\/11\/3-300x292.png 300w, https:\/\/queridalla84.com\/wp-content\/uploads\/2025\/11\/3-768x747.png 768w, https:\/\/queridalla84.com\/wp-content\/uploads\/2025\/11\/3-12x12.png 12w\" sizes=\"(max-width: 800px) 100vw, 800px\" \/>\t\t\t\t\t\t\t\t\t\t\t\t\t\t\t<\/div>\n\t\t\t\t<div class=\"elementor-element elementor-element-669f023 elementor-invisible elementor-widget elementor-widget-image\" data-id=\"669f023\" data-element_type=\"widget\" data-e-type=\"widget\" data-settings=\"{&quot;_animation&quot;:&quot;fadeInDown&quot;}\" data-widget_type=\"image.default\">\n\t\t\t\t\t\t\t\t\t\t\t\t\t\t\t<img loading=\"lazy\" decoding=\"async\" width=\"800\" height=\"778\" src=\"https:\/\/queridalla84.com\/wp-content\/uploads\/2025\/11\/4-1.png\" class=\"attachment-large size-large wp-image-82\" alt=\"\" srcset=\"https:\/\/queridalla84.com\/wp-content\/uploads\/2025\/11\/4-1.png 840w, https:\/\/queridalla84.com\/wp-content\/uploads\/2025\/11\/4-1-300x292.png 300w, https:\/\/queridalla84.com\/wp-content\/uploads\/2025\/11\/4-1-768x747.png 768w, https:\/\/queridalla84.com\/wp-content\/uploads\/2025\/11\/4-1-12x12.png 12w\" sizes=\"(max-width: 800px) 100vw, 800px\" \/>\t\t\t\t\t\t\t\t\t\t\t\t\t\t\t<\/div>\n\t\t\t\t<div class=\"elementor-element elementor-element-714b8ba elementor-invisible elementor-widget elementor-widget-image\" data-id=\"714b8ba\" data-element_type=\"widget\" data-e-type=\"widget\" data-settings=\"{&quot;_animation&quot;:&quot;fadeInDown&quot;}\" data-widget_type=\"image.default\">\n\t\t\t\t\t\t\t\t\t\t\t\t\t\t\t<img loading=\"lazy\" decoding=\"async\" width=\"800\" height=\"778\" src=\"https:\/\/queridalla84.com\/wp-content\/uploads\/2025\/11\/5.png\" class=\"attachment-large size-large wp-image-83\" alt=\"\" srcset=\"https:\/\/queridalla84.com\/wp-content\/uploads\/2025\/11\/5.png 840w, https:\/\/queridalla84.com\/wp-content\/uploads\/2025\/11\/5-300x292.png 300w, https:\/\/queridalla84.com\/wp-content\/uploads\/2025\/11\/5-768x747.png 768w, https:\/\/queridalla84.com\/wp-content\/uploads\/2025\/11\/5-12x12.png 12w\" sizes=\"(max-width: 800px) 100vw, 800px\" \/>\t\t\t\t\t\t\t\t\t\t\t\t\t\t\t<\/div>\n\t\t\t\t<div class=\"elementor-element elementor-element-40585e7 elementor-invisible elementor-widget elementor-widget-image\" data-id=\"40585e7\" data-element_type=\"widget\" data-e-type=\"widget\" data-settings=\"{&quot;_animation&quot;:&quot;fadeInUp&quot;}\" data-widget_type=\"image.default\">\n\t\t\t\t\t\t\t\t\t\t\t\t\t\t\t<img loading=\"lazy\" decoding=\"async\" width=\"800\" height=\"778\" src=\"https:\/\/queridalla84.com\/wp-content\/uploads\/2025\/11\/6.png\" class=\"attachment-large size-large wp-image-84\" alt=\"\" srcset=\"https:\/\/queridalla84.com\/wp-content\/uploads\/2025\/11\/6.png 840w, https:\/\/queridalla84.com\/wp-content\/uploads\/2025\/11\/6-300x292.png 300w, https:\/\/queridalla84.com\/wp-content\/uploads\/2025\/11\/6-768x747.png 768w, https:\/\/queridalla84.com\/wp-content\/uploads\/2025\/11\/6-12x12.png 12w\" sizes=\"(max-width: 800px) 100vw, 800px\" \/>\t\t\t\t\t\t\t\t\t\t\t\t\t\t\t<\/div>\n\t\t\t\t\t<\/div>\n\t\t\t\t<\/div>\n\t\t\t\t<section class=\"elementor-section elementor-top-section elementor-element elementor-element-151ce40 elementor-section-boxed elementor-section-height-default elementor-section-height-default\" data-id=\"151ce40\" data-element_type=\"section\" data-e-type=\"section\" data-settings=\"{&quot;background_background&quot;:&quot;classic&quot;}\">\n\t\t\t\t\t\t\t<div class=\"elementor-background-overlay\"><\/div>\n\t\t\t\t\t\t\t<div class=\"elementor-container elementor-column-gap-no\">\n\t\t\t\t\t<div class=\"elementor-column elementor-col-100 elementor-top-column elementor-element elementor-element-392255d\" data-id=\"392255d\" data-element_type=\"column\" data-e-type=\"column\" data-settings=\"{&quot;background_background&quot;:&quot;classic&quot;}\">\n\t\t\t<div class=\"elementor-widget-wrap elementor-element-populated\">\n\t\t\t\t\t\t<div class=\"elementor-element elementor-element-2a5e880 elementor-invisible elementor-widget elementor-widget-heading\" data-id=\"2a5e880\" data-element_type=\"widget\" data-e-type=\"widget\" data-settings=\"{&quot;_animation&quot;:&quot;zoomIn&quot;}\" data-widget_type=\"heading.default\">\n\t\t\t\t\t<h2 class=\"elementor-heading-title elementor-size-default\">Experience, passion and dedication in every detail so you look and feel spectacular.<\/h2>\t\t\t\t<\/div>\n\t\t\t\t<div class=\"elementor-element elementor-element-56bf28d elementor-align-center elementor-widget elementor-widget-button\" data-id=\"56bf28d\" data-element_type=\"widget\" data-e-type=\"widget\" data-widget_type=\"button.default\">\n\t\t\t\t\t\t\t\t\t\t<a class=\"elementor-button elementor-button-link elementor-size-sm elementor-animation-float\" href=\"https:\/\/queridalla84.com\/en\/contacto\/\">\n\t\t\t\t\t\t<span class=\"elementor-button-content-wrapper\">\n\t\t\t\t\t\t\t\t\t<span class=\"elementor-button-text\">Contact us<\/span>\n\t\t\t\t\t<\/span>\n\t\t\t\t\t<\/a>\n\t\t\t\t\t\t\t\t<\/div>\n\t\t\t\t\t<\/div>\n\t\t<\/div>\n\t\t\t\t\t<\/div>\n\t\t<\/section>\n\t\t\t\t<\/div>","protected":false},"excerpt":{"rendered":"<p>si\u00e9ntete \u00fanica mi trayectoria Con m\u00e1s de quince a\u00f1os de experiencia en el sector, he tenido la oportunidad de atender a una diversa clientela, adaptando cada tratamiento a las necesidades espec\u00edficas de cada individuo. Durante este tiempo, me he comprometido a mantenerme actualizada con las \u00faltimas tendencias y avances en belleza para ofrecer un servicio [&hellip;]<\/p>\n","protected":false},"author":1,"featured_media":0,"parent":0,"menu_order":0,"comment_status":"closed","ping_status":"closed","template":"elementor_canvas","meta":{"footnotes":""},"class_list":["post-12","page","type-page","status-publish","hentry"],"yoast_head":"<!-- This site is optimized with the Yoast SEO plugin v27.4 - https:\/\/yoast.com\/product\/yoast-seo-wordpress\/ -->\n<title>Inicio - Queridalla84<\/title>\n<meta name=\"robots\" content=\"index, follow, max-snippet:-1, max-image-preview:large, max-video-preview:-1\" \/>\n<link rel=\"canonical\" href=\"https:\/\/queridalla84.com\/en\/\" \/>\n<meta property=\"og:locale\" content=\"en_GB\" \/>\n<meta property=\"og:type\" content=\"article\" \/>\n<meta property=\"og:title\" content=\"Inicio - Queridalla84\" \/>\n<meta property=\"og:description\" content=\"si\u00e9ntete \u00fanica mi trayectoria Con m\u00e1s de quince a\u00f1os de experiencia en el sector, he tenido la oportunidad de atender a una diversa clientela, adaptando cada tratamiento a las necesidades espec\u00edficas de cada individuo. Durante este tiempo, me he comprometido a mantenerme actualizada con las \u00faltimas tendencias y avances en belleza para ofrecer un servicio [&hellip;]\" \/>\n<meta property=\"og:url\" content=\"https:\/\/queridalla84.com\/en\/\" \/>\n<meta property=\"og:site_name\" content=\"Queridalla84\" \/>\n<meta property=\"article:modified_time\" content=\"2026-02-22T09:42:04+00:00\" \/>\n<meta property=\"og:image\" content=\"https:\/\/queridalla84.com\/wp-content\/uploads\/elementor\/thumbs\/Diseno-sin-titulo-rehz7hyrch1stsq86p3wgya364677yqzjesa3mmg6o.png\" \/>\n<meta name=\"twitter:card\" content=\"summary_large_image\" \/>\n<meta name=\"twitter:label1\" content=\"Estimated reading time\" \/>\n\t<meta name=\"twitter:data1\" content=\"1 minute\" \/>\n<script type=\"application\/ld+json\" class=\"yoast-schema-graph\">{\"@context\":\"https:\\\/\\\/schema.org\",\"@graph\":[{\"@type\":\"WebPage\",\"@id\":\"https:\\\/\\\/queridalla84.com\\\/\",\"url\":\"https:\\\/\\\/queridalla84.com\\\/\",\"name\":\"Inicio - Queridalla84\",\"isPartOf\":{\"@id\":\"https:\\\/\\\/queridalla84.com\\\/#website\"},\"primaryImageOfPage\":{\"@id\":\"https:\\\/\\\/queridalla84.com\\\/#primaryimage\"},\"image\":{\"@id\":\"https:\\\/\\\/queridalla84.com\\\/#primaryimage\"},\"thumbnailUrl\":\"https:\\\/\\\/queridalla84.com\\\/wp-content\\\/uploads\\\/elementor\\\/thumbs\\\/Diseno-sin-titulo-rehz7hyrch1stsq86p3wgya364677yqzjesa3mmg6o.png\",\"datePublished\":\"2025-11-07T10:39:03+00:00\",\"dateModified\":\"2026-02-22T09:42:04+00:00\",\"breadcrumb\":{\"@id\":\"https:\\\/\\\/queridalla84.com\\\/#breadcrumb\"},\"inLanguage\":\"en-GB\",\"potentialAction\":[{\"@type\":\"ReadAction\",\"target\":[\"https:\\\/\\\/queridalla84.com\\\/\"]}]},{\"@type\":\"ImageObject\",\"inLanguage\":\"en-GB\",\"@id\":\"https:\\\/\\\/queridalla84.com\\\/#primaryimage\",\"url\":\"https:\\\/\\\/queridalla84.com\\\/wp-content\\\/uploads\\\/elementor\\\/thumbs\\\/Diseno-sin-titulo-rehz7hyrch1stsq86p3wgya364677yqzjesa3mmg6o.png\",\"contentUrl\":\"https:\\\/\\\/queridalla84.com\\\/wp-content\\\/uploads\\\/elementor\\\/thumbs\\\/Diseno-sin-titulo-rehz7hyrch1stsq86p3wgya364677yqzjesa3mmg6o.png\"},{\"@type\":\"BreadcrumbList\",\"@id\":\"https:\\\/\\\/queridalla84.com\\\/#breadcrumb\",\"itemListElement\":[{\"@type\":\"ListItem\",\"position\":1,\"name\":\"Portada\",\"item\":\"https:\\\/\\\/queridalla84.com\\\/\"},{\"@type\":\"ListItem\",\"position\":2,\"name\":\"Inicio\"}]},{\"@type\":\"WebSite\",\"@id\":\"https:\\\/\\\/queridalla84.com\\\/#website\",\"url\":\"https:\\\/\\\/queridalla84.com\\\/\",\"name\":\"Queridalla84\",\"description\":\"\",\"publisher\":{\"@id\":\"https:\\\/\\\/queridalla84.com\\\/#organization\"},\"potentialAction\":[{\"@type\":\"SearchAction\",\"target\":{\"@type\":\"EntryPoint\",\"urlTemplate\":\"https:\\\/\\\/queridalla84.com\\\/?s={search_term_string}\"},\"query-input\":{\"@type\":\"PropertyValueSpecification\",\"valueRequired\":true,\"valueName\":\"search_term_string\"}}],\"inLanguage\":\"en-GB\"},{\"@type\":\"Organization\",\"@id\":\"https:\\\/\\\/queridalla84.com\\\/#organization\",\"name\":\"Queridalla84\",\"url\":\"https:\\\/\\\/queridalla84.com\\\/\",\"logo\":{\"@type\":\"ImageObject\",\"inLanguage\":\"en-GB\",\"@id\":\"https:\\\/\\\/queridalla84.com\\\/#\\\/schema\\\/logo\\\/image\\\/\",\"url\":\"https:\\\/\\\/queridalla84.com\\\/wp-content\\\/uploads\\\/2025\\\/11\\\/cropped-Diseno-sin-titulo-8.png\",\"contentUrl\":\"https:\\\/\\\/queridalla84.com\\\/wp-content\\\/uploads\\\/2025\\\/11\\\/cropped-Diseno-sin-titulo-8.png\",\"width\":415,\"height\":324,\"caption\":\"Queridalla84\"},\"image\":{\"@id\":\"https:\\\/\\\/queridalla84.com\\\/#\\\/schema\\\/logo\\\/image\\\/\"}}]}<\/script>\n<!-- \/ Yoast SEO plugin. -->","yoast_head_json":{"title":"Inicio - Queridalla84","robots":{"index":"index","follow":"follow","max-snippet":"max-snippet:-1","max-image-preview":"max-image-preview:large","max-video-preview":"max-video-preview:-1"},"canonical":"https:\/\/queridalla84.com\/en\/","og_locale":"en_GB","og_type":"article","og_title":"Inicio - Queridalla84","og_description":"si\u00e9ntete \u00fanica mi trayectoria Con m\u00e1s de quince a\u00f1os de experiencia en el sector, he tenido la oportunidad de atender a una diversa clientela, adaptando cada tratamiento a las necesidades espec\u00edficas de cada individuo. Durante este tiempo, me he comprometido a mantenerme actualizada con las \u00faltimas tendencias y avances en belleza para ofrecer un servicio [&hellip;]","og_url":"https:\/\/queridalla84.com\/en\/","og_site_name":"Queridalla84","article_modified_time":"2026-02-22T09:42:04+00:00","og_image":[{"url":"https:\/\/queridalla84.com\/wp-content\/uploads\/elementor\/thumbs\/Diseno-sin-titulo-rehz7hyrch1stsq86p3wgya364677yqzjesa3mmg6o.png","type":"","width":"","height":""}],"twitter_card":"summary_large_image","twitter_misc":{"Estimated reading time":"1 minute"},"schema":{"@context":"https:\/\/schema.org","@graph":[{"@type":"WebPage","@id":"https:\/\/queridalla84.com\/","url":"https:\/\/queridalla84.com\/","name":"Inicio - Queridalla84","isPartOf":{"@id":"https:\/\/queridalla84.com\/#website"},"primaryImageOfPage":{"@id":"https:\/\/queridalla84.com\/#primaryimage"},"image":{"@id":"https:\/\/queridalla84.com\/#primaryimage"},"thumbnailUrl":"https:\/\/queridalla84.com\/wp-content\/uploads\/elementor\/thumbs\/Diseno-sin-titulo-rehz7hyrch1stsq86p3wgya364677yqzjesa3mmg6o.png","datePublished":"2025-11-07T10:39:03+00:00","dateModified":"2026-02-22T09:42:04+00:00","breadcrumb":{"@id":"https:\/\/queridalla84.com\/#breadcrumb"},"inLanguage":"en-GB","potentialAction":[{"@type":"ReadAction","target":["https:\/\/queridalla84.com\/"]}]},{"@type":"ImageObject","inLanguage":"en-GB","@id":"https:\/\/queridalla84.com\/#primaryimage","url":"https:\/\/queridalla84.com\/wp-content\/uploads\/elementor\/thumbs\/Diseno-sin-titulo-rehz7hyrch1stsq86p3wgya364677yqzjesa3mmg6o.png","contentUrl":"https:\/\/queridalla84.com\/wp-content\/uploads\/elementor\/thumbs\/Diseno-sin-titulo-rehz7hyrch1stsq86p3wgya364677yqzjesa3mmg6o.png"},{"@type":"BreadcrumbList","@id":"https:\/\/queridalla84.com\/#breadcrumb","itemListElement":[{"@type":"ListItem","position":1,"name":"Portada","item":"https:\/\/queridalla84.com\/"},{"@type":"ListItem","position":2,"name":"Inicio"}]},{"@type":"WebSite","@id":"https:\/\/queridalla84.com\/#website","url":"https:\/\/queridalla84.com\/","name":"Queridalla84","description":"","publisher":{"@id":"https:\/\/queridalla84.com\/#organization"},"potentialAction":[{"@type":"SearchAction","target":{"@type":"EntryPoint","urlTemplate":"https:\/\/queridalla84.com\/?s={search_term_string}"},"query-input":{"@type":"PropertyValueSpecification","valueRequired":true,"valueName":"search_term_string"}}],"inLanguage":"en-GB"},{"@type":"Organization","@id":"https:\/\/queridalla84.com\/#organization","name":"Queridalla84","url":"https:\/\/queridalla84.com\/","logo":{"@type":"ImageObject","inLanguage":"en-GB","@id":"https:\/\/queridalla84.com\/#\/schema\/logo\/image\/","url":"https:\/\/queridalla84.com\/wp-content\/uploads\/2025\/11\/cropped-Diseno-sin-titulo-8.png","contentUrl":"https:\/\/queridalla84.com\/wp-content\/uploads\/2025\/11\/cropped-Diseno-sin-titulo-8.png","width":415,"height":324,"caption":"Queridalla84"},"image":{"@id":"https:\/\/queridalla84.com\/#\/schema\/logo\/image\/"}}]}},"_links":{"self":[{"href":"https:\/\/queridalla84.com\/en\/wp-json\/wp\/v2\/pages\/12","targetHints":{"allow":["GET"]}}],"collection":[{"href":"https:\/\/queridalla84.com\/en\/wp-json\/wp\/v2\/pages"}],"about":[{"href":"https:\/\/queridalla84.com\/en\/wp-json\/wp\/v2\/types\/page"}],"author":[{"embeddable":true,"href":"https:\/\/queridalla84.com\/en\/wp-json\/wp\/v2\/users\/1"}],"replies":[{"embeddable":true,"href":"https:\/\/queridalla84.com\/en\/wp-json\/wp\/v2\/comments?post=12"}],"version-history":[{"count":46,"href":"https:\/\/queridalla84.com\/en\/wp-json\/wp\/v2\/pages\/12\/revisions"}],"predecessor-version":[{"id":295,"href":"https:\/\/queridalla84.com\/en\/wp-json\/wp\/v2\/pages\/12\/revisions\/295"}],"wp:attachment":[{"href":"https:\/\/queridalla84.com\/en\/wp-json\/wp\/v2\/media?parent=12"}],"curies":[{"name":"wp","href":"https:\/\/api.w.org\/{rel}","templated":true}]}}